{"id":70,"date":"2020-12-30T14:34:33","date_gmt":"2020-12-30T14:34:33","guid":{"rendered":"https:\/\/bim-eco.3andres.com\/?post_type=product&#038;p=70"},"modified":"2023-02-07T02:56:23","modified_gmt":"2023-02-07T02:56:23","slug":"isolation-en-botte-de-paille","status":"publish","type":"product","link":"https:\/\/bim-eco.3andres.com\/?product=isolation-en-botte-de-paille","title":{"rendered":"Isolation en botte de paille"},"content":{"rendered":"<p>La paille, utilis\u00e9e comme remplissage isolant et support d\u2019enduit, trouve sa place dans de nombreux projets de construction : maisons individuelles mais aussi b\u00e2timents publics et immeubles d\u2019habitation. Les r\u00e8gles professionnelles CP 2012 r\u00e9vis\u00e9es accompagnent cet essor en f\u00e9d\u00e9rant les professionnels autour des bonnes pratiques.<\/p>\n<p>APPLICATION : la paille (ossatures, isolation)<br \/>\ns\u00e9lon les r\u00e8gles professionnelles de construction en paille 2012 (RFCP) r\u00e9seau fran\u00e7ais de la construction paille<br \/>\n1-Isolation thermique par l&#8217;ext\u00e9rieur (ITE) avec la technique du GREB<br \/>\nCette technique est particuli\u00e8rement adapt\u00e9e aux murs existants ne pouvant supporter le poids de la nouvelle enveloppe<\/p>\n","protected":false},"excerpt":{"rendered":"<div><a class=\"prod-file-download\" href=\"#!\" rel=\"noopener\"><i class=\"fas fa-cloud-download-alt\" style=\"margin-right: 15px;\"><\/i>T\u00e9l\u00e9charger (5)<\/a><\/div>\n","protected":false},"featured_media":213,"comment_status":"open","ping_status":"closed","template":"","meta":{"inline_featured_image":false},"product_brand":[],"product_cat":[19,18],"product_tag":[],"class_list":{"0":"post-70","1":"product","2":"type-product","3":"status-publish","4":"has-post-thumbnail","6":"product_cat-biosource","7":"product_cat-isolation","9":"first","10":"instock","11":"downloadable","12":"virtual","13":"purchasable","14":"product-type-simple"},"_links":{"self":[{"href":"https:\/\/bim-eco.3andres.com\/index.php?rest_route=\/wp\/v2\/product\/70","targetHints":{"allow":["GET"]}}],"collection":[{"href":"https:\/\/bim-eco.3andres.com\/index.php?rest_route=\/wp\/v2\/product"}],"about":[{"href":"https:\/\/bim-eco.3andres.com\/index.php?rest_route=\/wp\/v2\/types\/product"}],"replies":[{"embeddable":true,"href":"https:\/\/bim-eco.3andres.com\/index.php?rest_route=%2Fwp%2Fv2%2Fcomments&post=70"}],"wp:featuredmedia":[{"embeddable":true,"href":"https:\/\/bim-eco.3andres.com\/index.php?rest_route=\/wp\/v2\/media\/213"}],"wp:attachment":[{"href":"https:\/\/bim-eco.3andres.com\/index.php?rest_route=%2Fwp%2Fv2%2Fmedia&parent=70"}],"wp:term":[{"taxonomy":"product_brand","embeddable":true,"href":"https:\/\/bim-eco.3andres.com\/index.php?rest_route=%2Fwp%2Fv2%2Fproduct_brand&post=70"},{"taxonomy":"product_cat","embeddable":true,"href":"https:\/\/bim-eco.3andres.com\/index.php?rest_route=%2Fwp%2Fv2%2Fproduct_cat&post=70"},{"taxonomy":"product_tag","embeddable":true,"href":"https:\/\/bim-eco.3andres.com\/index.php?rest_route=%2Fwp%2Fv2%2Fproduct_tag&post=70"}],"curies":[{"name":"wp","href":"https:\/\/api.w.org\/{rel}","templated":true}]}}